{"id":1379,"date":"2020-09-06T11:50:38","date_gmt":"2020-09-06T11:50:38","guid":{"rendered":"https:\/\/cwacenter.com\/?page_id=1379"},"modified":"2021-03-06T18:46:57","modified_gmt":"2021-03-06T18:46:57","slug":"chemical-warfare-agents-testing","status":"publish","type":"page","link":"https:\/\/cwacenter.com\/de\/chemical-warfare-agents-testing\/","title":{"rendered":"Chemical Warfare Agents Testing"},"content":{"rendered":"<div data-elementor-type=\"wp-page\" data-elementor-id=\"1379\" class=\"elementor elementor-1379\" data-elementor-settings=\"[]\">\n\t\t\t\t\t\t<div class=\"elementor-inner\">\n\t\t\t\t\t\t\t<div class=\"elementor-section-wrap\">\n\t\t\t\t\t\t\t<section class=\"elementor-section elementor-top-section elementor-element elementor-element-1b0a5d33 elementor-section-height-min-height elementor-section-boxed elementor-section-height-default elementor-section-items-middle\" data-id=\"1b0a5d33\" data-element_type=\"section\" data-settings=\"{&quot;background_background&quot;:&quot;classic&quot;}\">\n\t\t\t\t\t\t\t<div class=\"elementor-background-overlay\"><\/div>\n\t\t\t\t\t\t\t<div class=\"elementor-container elementor-column-gap-default\">\n\t\t\t\t\t\t\t<div class=\"elementor-row\">\n\t\t\t\t\t<div class=\"elementor-column elementor-col-100 elementor-top-column elementor-element elementor-element-1f841ba\" data-id=\"1f841ba\" data-element_type=\"column\">\n\t\t\t<div class=\"elementor-column-wrap elementor-element-populated\">\n\t\t\t\t\t\t\t<div class=\"elementor-widget-wrap\">\n\t\t\t\t\t\t<div class=\"elementor-element elementor-element-365ba0bd elementor-widget elementor-widget-heading\" data-id=\"365ba0bd\" data-element_type=\"widget\" data-widget_type=\"heading.default\">\n\t\t\t\t<div class=\"elementor-widget-container\">\n\t\t\t<h1 class=\"elementor-heading-title elementor-size-default\">Tests<\/h1>\t\t<\/div>\n\t\t\t\t<\/div>\n\t\t\t\t\t\t<\/div>\n\t\t\t\t\t<\/div>\n\t\t<\/div>\n\t\t\t\t\t\t\t\t<\/div>\n\t\t\t\t\t<\/div>\n\t\t<\/section>\n\t\t\t\t<section class=\"elementor-section elementor-top-section elementor-element elementor-element-7ab11ea elementor-section-boxed elementor-section-height-default elementor-section-height-default\" data-id=\"7ab11ea\" data-element_type=\"section\">\n\t\t\t\t\t\t<div class=\"elementor-container elementor-column-gap-default\">\n\t\t\t\t\t\t\t<div class=\"elementor-row\">\n\t\t\t\t\t<div class=\"elementor-column elementor-col-16 elementor-top-column elementor-element elementor-element-137b9d6\" data-id=\"137b9d6\" data-element_type=\"column\">\n\t\t\t<div class=\"elementor-column-wrap\">\n\t\t\t\t\t\t\t<div class=\"elementor-widget-wrap\">\n\t\t\t\t\t\t\t\t<\/div>\n\t\t\t\t\t<\/div>\n\t\t<\/div>\n\t\t\t\t<div class=\"elementor-column elementor-col-66 elementor-top-column elementor-element elementor-element-0ca6dd6\" data-id=\"0ca6dd6\" data-element_type=\"column\">\n\t\t\t<div class=\"elementor-column-wrap elementor-element-populated\">\n\t\t\t\t\t\t\t<div class=\"elementor-widget-wrap\">\n\t\t\t\t\t\t<div class=\"elementor-element elementor-element-d426a14 elementor-widget elementor-widget-text-editor\" data-id=\"d426a14\" data-element_type=\"widget\" data-widget_type=\"text-editor.default\">\n\t\t\t\t<div class=\"elementor-widget-container\">\n\t\t\t\t\t<div class=\"elementor-text-editor elementor-clearfix\"><p>Aufgrund unserer Umgangsgenehmigung f\u00fcr chemische Kampfstoffe (CWAs) und Kampfmittel (CWMs) f\u00fchren wir kundenspezifische Pr\u00fcfungen zur CWA-Sicherheit von Materialien und Ausr\u00fcstung durch.<\/p><\/div>\n\t\t\t\t<\/div>\n\t\t\t\t<\/div>\n\t\t\t\t\t\t<\/div>\n\t\t\t\t\t<\/div>\n\t\t<\/div>\n\t\t\t\t<div class=\"elementor-column elementor-col-16 elementor-top-column elementor-element elementor-element-1bfa68b\" data-id=\"1bfa68b\" data-element_type=\"column\">\n\t\t\t<div class=\"elementor-column-wrap\">\n\t\t\t\t\t\t\t<div class=\"elementor-widget-wrap\">\n\t\t\t\t\t\t\t\t<\/div>\n\t\t\t\t\t<\/div>\n\t\t<\/div>\n\t\t\t\t\t\t\t\t<\/div>\n\t\t\t\t\t<\/div>\n\t\t<\/section>\n\t\t\t\t<section class=\"elementor-section elementor-top-section elementor-element elementor-element-f1c5182 elementor-section-boxed elementor-section-height-default elementor-section-height-default\" data-id=\"f1c5182\" data-element_type=\"section\">\n\t\t\t\t\t\t<div class=\"elementor-container elementor-column-gap-no\">\n\t\t\t\t\t\t\t<div class=\"elementor-row\">\n\t\t\t\t\t<div class=\"elementor-column elementor-col-50 elementor-top-column elementor-element elementor-element-8b86104\" data-id=\"8b86104\" data-element_type=\"column\">\n\t\t\t<div class=\"elementor-column-wrap elementor-element-populated\">\n\t\t\t\t\t\t\t<div class=\"elementor-widget-wrap\">\n\t\t\t\t\t\t<div class=\"elementor-element elementor-element-7f77871 elementor-widget elementor-widget-image\" data-id=\"7f77871\" data-element_type=\"widget\" data-widget_type=\"image.default\">\n\t\t\t\t<div class=\"elementor-widget-container\">\n\t\t\t\t\t<div class=\"elementor-image\">\n\t\t\t\t\t\t\t\t\t\t\t<a href=\"https:\/\/cwacenter.com\/wp-content\/uploads\/2020\/10\/P1000805.jpg\" data-elementor-open-lightbox=\"yes\" data-elementor-lightbox-title=\"P1000805\">\n\t\t\t\t\t\t\t<img width=\"1024\" height=\"768\" src=\"https:\/\/cwacenter.com\/wp-content\/uploads\/2020\/10\/P1000805.jpg\" class=\"attachment-large size-large\" alt=\"Chemical warfare agent decontamination\" srcset=\"https:\/\/cwacenter.com\/wp-content\/uploads\/2020\/10\/P1000805.jpg 1024w, https:\/\/cwacenter.com\/wp-content\/uploads\/2020\/10\/P1000805-300x225.jpg 300w, https:\/\/cwacenter.com\/wp-content\/uploads\/2020\/10\/P1000805-768x576.jpg 768w, https:\/\/cwacenter.com\/wp-content\/uploads\/2020\/10\/P1000805-16x12.jpg 16w\" sizes=\"(max-width: 1024px) 100vw, 1024px\" \/>\t\t\t\t\t\t\t\t<\/a>\n\t\t\t\t\t\t\t\t\t\t\t<\/div>\n\t\t\t\t<\/div>\n\t\t\t\t<\/div>\n\t\t\t\t\t\t<\/div>\n\t\t\t\t\t<\/div>\n\t\t<\/div>\n\t\t\t\t<div class=\"elementor-column elementor-col-50 elementor-top-column elementor-element elementor-element-d4c59cf\" data-id=\"d4c59cf\" data-element_type=\"column\">\n\t\t\t<div class=\"elementor-column-wrap elementor-element-populated\">\n\t\t\t\t\t\t\t<div class=\"elementor-widget-wrap\">\n\t\t\t\t\t\t<div class=\"elementor-element elementor-element-ce86c28 elementor-widget elementor-widget-heading\" data-id=\"ce86c28\" data-element_type=\"widget\" data-widget_type=\"heading.default\">\n\t\t\t\t<div class=\"elementor-widget-container\">\n\t\t\t<h2 class=\"elementor-heading-title elementor-size-default\">Dekontamination von chemischen Waffen<\/h2>\t\t<\/div>\n\t\t\t\t<\/div>\n\t\t\t\t<div class=\"elementor-element elementor-element-78dcae9 elementor-widget elementor-widget-text-editor\" data-id=\"78dcae9\" data-element_type=\"widget\" data-widget_type=\"text-editor.default\">\n\t\t\t\t<div class=\"elementor-widget-container\">\n\t\t\t\t\t<div class=\"elementor-text-editor elementor-clearfix\"><p>Pr\u00fcfung von Dekontaminationsverfahren und Abfallbehandlungsprozessen<\/p><p>\u00a0<\/p><p>\u00a0<\/p><\/div>\n\t\t\t\t<\/div>\n\t\t\t\t<\/div>\n\t\t\t\t\t\t<\/div>\n\t\t\t\t\t<\/div>\n\t\t<\/div>\n\t\t\t\t\t\t\t\t<\/div>\n\t\t\t\t\t<\/div>\n\t\t<\/section>\n\t\t\t\t<section class=\"elementor-section elementor-top-section elementor-element elementor-element-4db0ad9 elementor-section-boxed elementor-section-height-default elementor-section-height-default\" data-id=\"4db0ad9\" data-element_type=\"section\">\n\t\t\t\t\t\t<div class=\"elementor-container elementor-column-gap-no\">\n\t\t\t\t\t\t\t<div class=\"elementor-row\">\n\t\t\t\t\t<div class=\"elementor-column elementor-col-50 elementor-top-column elementor-element elementor-element-adc9367\" data-id=\"adc9367\" data-element_type=\"column\">\n\t\t\t<div class=\"elementor-column-wrap elementor-element-populated\">\n\t\t\t\t\t\t\t<div class=\"elementor-widget-wrap\">\n\t\t\t\t\t\t<div class=\"elementor-element elementor-element-7a83d1b elementor-widget elementor-widget-image\" data-id=\"7a83d1b\" data-element_type=\"widget\" data-widget_type=\"image.default\">\n\t\t\t\t<div class=\"elementor-widget-container\">\n\t\t\t\t\t<div class=\"elementor-image\">\n\t\t\t\t\t\t\t\t\t\t\t<a href=\"https:\/\/cwacenter.com\/wp-content\/uploads\/2021\/01\/P1090717-Kopie.jpg\" data-elementor-open-lightbox=\"yes\" data-elementor-lightbox-title=\"P1090717 - Kopie\">\n\t\t\t\t\t\t\t<img width=\"1024\" height=\"768\" src=\"https:\/\/cwacenter.com\/wp-content\/uploads\/2021\/01\/P1090717-Kopie-1024x768.jpg\" class=\"attachment-large size-large\" alt=\"\" srcset=\"https:\/\/cwacenter.com\/wp-content\/uploads\/2021\/01\/P1090717-Kopie-1024x768.jpg 1024w, https:\/\/cwacenter.com\/wp-content\/uploads\/2021\/01\/P1090717-Kopie-300x225.jpg 300w, https:\/\/cwacenter.com\/wp-content\/uploads\/2021\/01\/P1090717-Kopie-768x576.jpg 768w, https:\/\/cwacenter.com\/wp-content\/uploads\/2021\/01\/P1090717-Kopie-16x12.jpg 16w, https:\/\/cwacenter.com\/wp-content\/uploads\/2021\/01\/P1090717-Kopie.jpg 1080w\" sizes=\"(max-width: 1024px) 100vw, 1024px\" \/>\t\t\t\t\t\t\t\t<\/a>\n\t\t\t\t\t\t\t\t\t\t\t<\/div>\n\t\t\t\t<\/div>\n\t\t\t\t<\/div>\n\t\t\t\t\t\t<\/div>\n\t\t\t\t\t<\/div>\n\t\t<\/div>\n\t\t\t\t<div class=\"elementor-column elementor-col-50 elementor-top-column elementor-element elementor-element-849eb55\" data-id=\"849eb55\" data-element_type=\"column\">\n\t\t\t<div class=\"elementor-column-wrap elementor-element-populated\">\n\t\t\t\t\t\t\t<div class=\"elementor-widget-wrap\">\n\t\t\t\t\t\t<div class=\"elementor-element elementor-element-28a0da6 elementor-widget elementor-widget-heading\" data-id=\"28a0da6\" data-element_type=\"widget\" data-widget_type=\"heading.default\">\n\t\t\t\t<div class=\"elementor-widget-container\">\n\t\t\t<h2 class=\"elementor-heading-title elementor-size-default\">Ausr\u00fcstung<\/h2>\t\t<\/div>\n\t\t\t\t<\/div>\n\t\t\t\t<div class=\"elementor-element elementor-element-590888f elementor-widget elementor-widget-text-editor\" data-id=\"590888f\" data-element_type=\"widget\" data-widget_type=\"text-editor.default\">\n\t\t\t\t<div class=\"elementor-widget-container\">\n\t\t\t\t\t<div class=\"elementor-text-editor elementor-clearfix\"><p>Pr\u00fcfung der Schutzbekleidung und Dekontaminationsausr\u00fcstung inkl. Auswertungen der Effizienz und Kampfstoffbest\u00e4ndigkeit.<\/p><p>\u00a0<\/p><p>\u00a0<\/p><\/div>\n\t\t\t\t<\/div>\n\t\t\t\t<\/div>\n\t\t\t\t\t\t<\/div>\n\t\t\t\t\t<\/div>\n\t\t<\/div>\n\t\t\t\t\t\t\t\t<\/div>\n\t\t\t\t\t<\/div>\n\t\t<\/section>\n\t\t\t\t<section class=\"elementor-section elementor-top-section elementor-element elementor-element-9e09982 elementor-section-boxed elementor-section-height-default elementor-section-height-default\" data-id=\"9e09982\" data-element_type=\"section\">\n\t\t\t\t\t\t<div class=\"elementor-container elementor-column-gap-no\">\n\t\t\t\t\t\t\t<div class=\"elementor-row\">\n\t\t\t\t\t<div class=\"elementor-column elementor-col-50 elementor-top-column elementor-element elementor-element-4b9de95\" data-id=\"4b9de95\" data-element_type=\"column\">\n\t\t\t<div class=\"elementor-column-wrap elementor-element-populated\">\n\t\t\t\t\t\t\t<div class=\"elementor-widget-wrap\">\n\t\t\t\t\t\t<div class=\"elementor-element elementor-element-1fab74e0 elementor-widget elementor-widget-image\" data-id=\"1fab74e0\" data-element_type=\"widget\" data-widget_type=\"image.default\">\n\t\t\t\t<div class=\"elementor-widget-container\">\n\t\t\t\t\t<div class=\"elementor-image\">\n\t\t\t\t\t\t\t\t\t\t\t<a href=\"https:\/\/cwacenter.com\/wp-content\/uploads\/2020\/09\/DSC04317.jpg\" data-elementor-open-lightbox=\"yes\" data-elementor-lightbox-title=\"DSC04317\">\n\t\t\t\t\t\t\t<img width=\"1024\" height=\"767\" src=\"https:\/\/cwacenter.com\/wp-content\/uploads\/2020\/09\/DSC04317.jpg\" class=\"attachment-large size-large\" alt=\"\" srcset=\"https:\/\/cwacenter.com\/wp-content\/uploads\/2020\/09\/DSC04317.jpg 1024w, https:\/\/cwacenter.com\/wp-content\/uploads\/2020\/09\/DSC04317-300x225.jpg 300w, https:\/\/cwacenter.com\/wp-content\/uploads\/2020\/09\/DSC04317-768x575.jpg 768w, https:\/\/cwacenter.com\/wp-content\/uploads\/2020\/09\/DSC04317-16x12.jpg 16w\" sizes=\"(max-width: 1024px) 100vw, 1024px\" \/>\t\t\t\t\t\t\t\t<\/a>\n\t\t\t\t\t\t\t\t\t\t\t<\/div>\n\t\t\t\t<\/div>\n\t\t\t\t<\/div>\n\t\t\t\t\t\t<\/div>\n\t\t\t\t\t<\/div>\n\t\t<\/div>\n\t\t\t\t<div class=\"elementor-column elementor-col-50 elementor-top-column elementor-element elementor-element-ddc17dc\" data-id=\"ddc17dc\" data-element_type=\"column\">\n\t\t\t<div class=\"elementor-column-wrap elementor-element-populated\">\n\t\t\t\t\t\t\t<div class=\"elementor-widget-wrap\">\n\t\t\t\t\t\t<div class=\"elementor-element elementor-element-d8c8a33 elementor-widget elementor-widget-heading\" data-id=\"d8c8a33\" data-element_type=\"widget\" data-widget_type=\"heading.default\">\n\t\t\t\t<div class=\"elementor-widget-container\">\n\t\t\t<h2 class=\"elementor-heading-title elementor-size-default\">CWA-Exposition<\/h2>\t\t<\/div>\n\t\t\t\t<\/div>\n\t\t\t\t<div class=\"elementor-element elementor-element-3437ae6 elementor-widget elementor-widget-text-editor\" data-id=\"3437ae6\" data-element_type=\"widget\" data-widget_type=\"text-editor.default\">\n\t\t\t\t<div class=\"elementor-widget-container\">\n\t\t\t\t\t<div class=\"elementor-text-editor elementor-clearfix\"><p>Materialaussetzung von hohen CWA-Konzentrationen (bis zu g\/m\u00b3). Erzeugung von CWA-Gasphasenkonzentrationen im ppt- bis ppm-Bereich und bei verschiedenen Temperaturen und Luftfeuchtigkeiten.<\/p><p>\u00a0<\/p><\/div>\n\t\t\t\t<\/div>\n\t\t\t\t<\/div>\n\t\t\t\t\t\t<\/div>\n\t\t\t\t\t<\/div>\n\t\t<\/div>\n\t\t\t\t\t\t\t\t<\/div>\n\t\t\t\t\t<\/div>\n\t\t<\/section>\n\t\t\t\t<section class=\"elementor-section elementor-top-section elementor-element elementor-element-cd79318 elementor-section-boxed elementor-section-height-default elementor-section-height-default\" data-id=\"cd79318\" data-element_type=\"section\">\n\t\t\t\t\t\t<div class=\"elementor-container elementor-column-gap-no\">\n\t\t\t\t\t\t\t<div class=\"elementor-row\">\n\t\t\t\t\t<div class=\"elementor-column elementor-col-50 elementor-top-column elementor-element elementor-element-2a333ab\" data-id=\"2a333ab\" data-element_type=\"column\">\n\t\t\t<div class=\"elementor-column-wrap elementor-element-populated\">\n\t\t\t\t\t\t\t<div class=\"elementor-widget-wrap\">\n\t\t\t\t\t\t<div class=\"elementor-element elementor-element-a4a4e88 elementor-widget elementor-widget-image\" data-id=\"a4a4e88\" data-element_type=\"widget\" data-widget_type=\"image.default\">\n\t\t\t\t<div class=\"elementor-widget-container\">\n\t\t\t\t\t<div class=\"elementor-image\">\n\t\t\t\t\t\t\t\t\t\t\t<a href=\"https:\/\/cwacenter.com\/wp-content\/uploads\/2020\/09\/P1020440.jpg\" data-elementor-open-lightbox=\"yes\" data-elementor-lightbox-title=\"P1020440\">\n\t\t\t\t\t\t\t<img width=\"1024\" height=\"768\" src=\"https:\/\/cwacenter.com\/wp-content\/uploads\/2020\/09\/P1020440.jpg\" class=\"attachment-large size-large\" alt=\"\" srcset=\"https:\/\/cwacenter.com\/wp-content\/uploads\/2020\/09\/P1020440.jpg 1024w, https:\/\/cwacenter.com\/wp-content\/uploads\/2020\/09\/P1020440-300x225.jpg 300w, https:\/\/cwacenter.com\/wp-content\/uploads\/2020\/09\/P1020440-768x576.jpg 768w, https:\/\/cwacenter.com\/wp-content\/uploads\/2020\/09\/P1020440-16x12.jpg 16w\" sizes=\"(max-width: 1024px) 100vw, 1024px\" \/>\t\t\t\t\t\t\t\t<\/a>\n\t\t\t\t\t\t\t\t\t\t\t<\/div>\n\t\t\t\t<\/div>\n\t\t\t\t<\/div>\n\t\t\t\t\t\t<\/div>\n\t\t\t\t\t<\/div>\n\t\t<\/div>\n\t\t\t\t<div class=\"elementor-column elementor-col-50 elementor-top-column elementor-element elementor-element-5ff820e\" data-id=\"5ff820e\" data-element_type=\"column\">\n\t\t\t<div class=\"elementor-column-wrap elementor-element-populated\">\n\t\t\t\t\t\t\t<div class=\"elementor-widget-wrap\">\n\t\t\t\t\t\t<div class=\"elementor-element elementor-element-36335fb elementor-widget elementor-widget-heading\" data-id=\"36335fb\" data-element_type=\"widget\" data-widget_type=\"heading.default\">\n\t\t\t\t<div class=\"elementor-widget-container\">\n\t\t\t<h2 class=\"elementor-heading-title elementor-size-default\">Kundenorientierte L\u00f6sungen<\/h2>\t\t<\/div>\n\t\t\t\t<\/div>\n\t\t\t\t<div class=\"elementor-element elementor-element-5765f1b elementor-widget elementor-widget-text-editor\" data-id=\"5765f1b\" data-element_type=\"widget\" data-widget_type=\"text-editor.default\">\n\t\t\t\t<div class=\"elementor-widget-container\">\n\t\t\t\t\t<div class=\"elementor-text-editor elementor-clearfix\"><p>Individuelle Pr\u00fcfungen zur Kampfstoffbest\u00e4ndigkeit unter variablen Bedingungen.<\/p><\/div>\n\t\t\t\t<\/div>\n\t\t\t\t<\/div>\n\t\t\t\t\t\t<\/div>\n\t\t\t\t\t<\/div>\n\t\t<\/div>\n\t\t\t\t\t\t\t\t<\/div>\n\t\t\t\t\t<\/div>\n\t\t<\/section>\n\t\t\t\t\t\t<\/div>\n\t\t\t\t\t\t<\/div>\n\t\t\t\t\t<\/div>","protected":false},"excerpt":{"rendered":"<p>Testing Based on the permission to work with live Chemical Warfare Agents (CWAs), HiddingenTestCenter offers customer-specified tests on materials and equipment. Chemical Warfare Agent Decontamination Testing of decontamination and waste treatment procedures. \u00a0 \u00a0 Equipment Testing of personal protection and decontamination equipment, including efficiency tests and penetration behaviour. \u00a0 \u00a0 CWA exposure Generation of high &hellip;<\/p>\n<p class=\"read-more\"> <a class=\"\" href=\"https:\/\/cwacenter.com\/de\/chemical-warfare-agents-testing\/\"> <span class=\"screen-reader-text\">Chemical Warfare Agents Testing<\/span> Read More &raquo;<\/a><\/p>","protected":false},"author":1,"featured_media":1462,"parent":0,"menu_order":0,"comment_status":"closed","ping_status":"closed","template":"elementor_header_footer","meta":[],"_links":{"self":[{"href":"https:\/\/cwacenter.com\/de\/wp-json\/wp\/v2\/pages\/1379"}],"collection":[{"href":"https:\/\/cwacenter.com\/de\/wp-json\/wp\/v2\/pages"}],"about":[{"href":"https:\/\/cwacenter.com\/de\/wp-json\/wp\/v2\/types\/page"}],"author":[{"embeddable":true,"href":"https:\/\/cwacenter.com\/de\/wp-json\/wp\/v2\/users\/1"}],"replies":[{"embeddable":true,"href":"https:\/\/cwacenter.com\/de\/wp-json\/wp\/v2\/comments?post=1379"}],"version-history":[{"count":0,"href":"https:\/\/cwacenter.com\/de\/wp-json\/wp\/v2\/pages\/1379\/revisions"}],"wp:featuredmedia":[{"embeddable":true,"href":"https:\/\/cwacenter.com\/de\/wp-json\/wp\/v2\/media\/1462"}],"wp:attachment":[{"href":"https:\/\/cwacenter.com\/de\/wp-json\/wp\/v2\/media?parent=1379"}],"curies":[{"name":"wp","href":"https:\/\/api.w.org\/{rel}","templated":true}]}}